{"id":14371,"date":"2022-08-03T14:28:14","date_gmt":"2022-08-03T12:28:14","guid":{"rendered":"https:\/\/www.blossin.de\/loisirs\/le-port-de-blossin\/"},"modified":"2024-07-03T15:05:33","modified_gmt":"2024-07-03T13:05:33","slug":"le-port-de-blossin","status":"publish","type":"page","link":"https:\/\/www.blossin.de\/fr\/loisirs\/le-port-de-blossin\/","title":{"rendered":"Le port de Blossin"},"content":{"rendered":"\t\t<div data-elementor-type=\"wp-page\" data-elementor-id=\"14371\" class=\"elementor elementor-14371 elementor-66\" data-elementor-post-type=\"page\">\n\t\t\t\t\t\t<section class=\"elementor-section elementor-top-section elementor-element elementor-element-d55a4ae elementor-section-height-min-height elementor-section-items-bottom elementor-section-boxed elementor-section-height-default\" data-id=\"d55a4ae\" data-element_type=\"section\" data-e-type=\"section\" data-settings=\"{&quot;background_background&quot;:&quot;classic&quot;,&quot;jet_parallax_layout_list&quot;:[]}\">\n\t\t\t\t\t\t<div class=\"elementor-container elementor-column-gap-wide\">\n\t\t\t\t\t<div class=\"elementor-column elementor-col-50 elementor-top-column elementor-element elementor-element-38b3d7f\" data-id=\"38b3d7f\" data-element_type=\"column\" data-e-type=\"column\">\n\t\t\t<div class=\"elementor-widget-wrap elementor-element-populated\">\n\t\t\t\t\t\t<div class=\"elementor-element elementor-element-d2615c3 elementor-widget elementor-widget-heading\" data-id=\"d2615c3\" data-element_type=\"widget\" data-e-type=\"widget\" data-widget_type=\"heading.default\">\n\t\t\t\t<div class=\"elementor-widget-container\">\n\t\t\t\t\t<h1 class=\"elementor-heading-title elementor-size-default\">LE PORT DE BLOSSIN<\/h1>\t\t\t\t<\/div>\n\t\t\t\t<\/div>\n\t\t\t\t\t<\/div>\n\t\t<\/div>\n\t\t\t\t<div class=\"elementor-column elementor-col-50 elementor-top-column elementor-element elementor-element-9bdeace elementor-hidden-tablet elementor-hidden-mobile\" data-id=\"9bdeace\" data-element_type=\"column\" data-e-type=\"column\">\n\t\t\t<div class=\"elementor-widget-wrap\">\n\t\t\t\t\t\t\t<\/div>\n\t\t<\/div>\n\t\t\t\t\t<\/div>\n\t\t<\/section>\n\t\t\t\t<section class=\"elementor-section elementor-top-section elementor-element elementor-element-938784e elementor-section-boxed elementor-section-height-default elementor-section-height-default\" data-id=\"938784e\" data-element_type=\"section\" data-e-type=\"section\" data-settings=\"{&quot;jet_parallax_layout_list&quot;:[]}\">\n\t\t\t\t\t\t<div class=\"elementor-container elementor-column-gap-wide\">\n\t\t\t\t\t<div class=\"elementor-column elementor-col-50 elementor-top-column elementor-element elementor-element-dad3071\" data-id=\"dad3071\" data-element_type=\"column\" data-e-type=\"column\">\n\t\t\t<div class=\"elementor-widget-wrap elementor-element-populated\">\n\t\t\t\t\t\t<div class=\"elementor-element elementor-element-ddc6faa elementor-widget elementor-widget-heading\" data-id=\"ddc6faa\" data-element_type=\"widget\" data-e-type=\"widget\" data-widget_type=\"heading.default\">\n\t\t\t\t<div class=\"elementor-widget-container\">\n\t\t\t\t\t<h2 class=\"elementor-heading-title elementor-size-default\"><span style=\"font-family: var( --e-global-typography-primary-font-family ), Futura LT Regular;font-size: 2rem;font-weight: var( --e-global-typography-primary-font-weight );white-space: normal\">AU BORD DU LAC DE WOLZIG\n<\/span><\/h2>\t\t\t\t<\/div>\n\t\t\t\t<\/div>\n\t\t\t\t<div class=\"elementor-element elementor-element-a91a8e1 elementor-widget elementor-widget-text-editor\" data-id=\"a91a8e1\" data-element_type=\"widget\" data-e-type=\"widget\" data-widget_type=\"text-editor.default\">\n\t\t\t\t<div class=\"elementor-widget-container\">\n\t\t\t\t\t\t\t\t\t<p><img fetchpriority=\"high\" decoding=\"async\" class=\"wp-image-4494 size-medium alignleft\" src=\"https:\/\/www.blossin.de\/wp-content\/uploads\/2023\/02\/Segelboot-Wolziger-See-@JWeber-scaled-e1677066697179-300x223.jpg\" alt=\"Faire du voilier sur le Wolziger See @JWeber\" width=\"300\" height=\"223\" srcset=\"https:\/\/www.blossin.de\/wp-content\/uploads\/2023\/02\/Segelboot-Wolziger-See-@JWeber-scaled-e1677066697179-300x223.jpg 300w, https:\/\/www.blossin.de\/wp-content\/uploads\/2023\/02\/Segelboot-Wolziger-See-@JWeber-scaled-e1677066697179-1024x762.jpg 1024w, https:\/\/www.blossin.de\/wp-content\/uploads\/2023\/02\/Segelboot-Wolziger-See-@JWeber-scaled-e1677066697179-768x571.jpg 768w, https:\/\/www.blossin.de\/wp-content\/uploads\/2023\/02\/Segelboot-Wolziger-See-@JWeber-scaled-e1677066697179-1536x1143.jpg 1536w, https:\/\/www.blossin.de\/wp-content\/uploads\/2023\/02\/Segelboot-Wolziger-See-@JWeber-scaled-e1677066697179-2048x1524.jpg 2048w\" sizes=\"(max-width: 300px) 100vw, 300px\" \/><\/p>\n<p>Avec une superficie de 597 hectares et une profondeur d&rsquo;environ 13 m\u00e8tres, le Wolziger See est l&rsquo;un des plus grands plans d&rsquo;eau du Dahme-Spreewald. Il se situe entre Storkow \u00e0 l&rsquo;est et K\u00f6nigs Wusterhausen \u00e0 l&rsquo;ouest. Il est bord\u00e9 par la for\u00eat et la v\u00e9g\u00e9tation et par les villes de Wolzig, Blossin et Kolberg. L&rsquo;ensemble du lac ainsi que les cours d&rsquo;eau adjacents sont des voies navigables f\u00e9d\u00e9rales sur lesquelles s&rsquo;appliquent des r\u00e8gles particuli\u00e8res. Ces r\u00e8gles sont mat\u00e9rialis\u00e9es par la signalisation fluviale.<\/p>\n<p>Gr\u00e2ce \u00e0 d&rsquo;excellentes conditions de vent, le lac Wolziger est devenu l&rsquo;un des lieux de navigation les plus populaires de la p\u00e9riph\u00e9rie berlinoise. De plus, nous disposons d\u2019une station de location de mat\u00e9riel nautique. La tr\u00e8s bonne qualit\u00e9 de son eau en fait \u00e9galement un lieu de baignade de plus en plus fr\u00e9quent\u00e9.<\/p>\n\t\t\t\t\t\t\t\t<\/div>\n\t\t\t\t<\/div>\n\t\t\t\t<div class=\"elementor-element elementor-element-ac14f7a elementor-widget elementor-widget-heading\" data-id=\"ac14f7a\" data-element_type=\"widget\" data-e-type=\"widget\" data-widget_type=\"heading.default\">\n\t\t\t\t<div class=\"elementor-widget-container\">\n\t\t\t\t\t<h2 class=\"elementor-heading-title elementor-size-default\">Connexions aux voies navigables<\/h2>\t\t\t\t<\/div>\n\t\t\t\t<\/div>\n\t\t\t\t<div class=\"elementor-element elementor-element-1599d4f elementor-widget elementor-widget-text-editor\" data-id=\"1599d4f\" data-element_type=\"widget\" data-e-type=\"widget\" data-widget_type=\"text-editor.default\">\n\t\t\t\t<div class=\"elementor-widget-container\">\n\t\t\t\t\t\t\t\t\t<p>Le Sauwinkel, le canal au sud-ouest du lac, forme avec le Blossiner Flie\u00df qui s&rsquo;y rattache, une liaison fluviale naturelle avec le Langer See. Le passage ainsi cr\u00e9\u00e9 vers les eaux de la Dahme et la cha\u00eene des lacs de Teupitz permet aux amateurs de sports nautiques de naviguer sur plus de 40 plans d&rsquo;eau ! Il est alors possible de d\u00e9couvrir la r\u00e9gion du Spreewald et m\u00eame de relier la capitale. <br \/>\u00c0 l&rsquo;est du lac de Wolzig, on peut naviguer sur le canal de Storkow, am\u00e9nag\u00e9 au 18e si\u00e8cle<br \/>et long de 12 kilom\u00e8tres. Il assure la liaison avec la cha\u00eene du lac de Scharm\u00fctzel. Les \u00e9cluses de Kummersdorf et de Storkow ajoutent une touche de charme \u00e0 ce voyage.<\/p>\n\t\t\t\t\t\t\t\t<\/div>\n\t\t\t\t<\/div>\n\t\t\t\t\t<\/div>\n\t\t<\/div>\n\t\t\t\t<div class=\"elementor-column elementor-col-50 elementor-top-column elementor-element elementor-element-a7a6eae\" data-id=\"a7a6eae\" data-element_type=\"column\" data-e-type=\"column\">\n\t\t\t<div class=\"elementor-widget-wrap elementor-element-populated\">\n\t\t\t\t\t\t<div class=\"elementor-element elementor-element-59390a7 elementor-widget elementor-widget-heading\" data-id=\"59390a7\" data-element_type=\"widget\" data-e-type=\"widget\" data-widget_type=\"heading.default\">\n\t\t\t\t<div class=\"elementor-widget-container\">\n\t\t\t\t\t<h2 class=\"elementor-heading-title elementor-size-default\">Contact<\/h2>\t\t\t\t<\/div>\n\t\t\t\t<\/div>\n\t\t\t\t<div class=\"elementor-element elementor-element-3d680b2 elementor-widget elementor-widget-image\" data-id=\"3d680b2\" data-element_type=\"widget\" data-e-type=\"widget\" data-widget_type=\"image.default\">\n\t\t\t\t<div class=\"elementor-widget-container\">\n\t\t\t\t\t\t\t\t\t\t\t\t\t\t\t<img decoding=\"async\" width=\"150\" height=\"150\" src=\"https:\/\/www.blossin.de\/wp-content\/uploads\/2022\/11\/Olaf-Senftleben-150x150.jpg\" class=\"attachment-thumbnail size-thumbnail wp-image-10960\" alt=\"\" \/>\t\t\t\t\t\t\t\t\t\t\t\t\t\t\t<\/div>\n\t\t\t\t<\/div>\n\t\t\t\t<div class=\"elementor-element elementor-element-24cada6 elementor-widget elementor-widget-heading\" data-id=\"24cada6\" data-element_type=\"widget\" data-e-type=\"widget\" data-widget_type=\"heading.default\">\n\t\t\t\t<div class=\"elementor-widget-container\">\n\t\t\t\t\t<h3 class=\"elementor-heading-title elementor-size-default\">Olaf Senftleben<\/h3>\t\t\t\t<\/div>\n\t\t\t\t<\/div>\n\t\t\t\t<div class=\"elementor-element elementor-element-819a6b5 elementor-widget elementor-widget-heading\" data-id=\"819a6b5\" data-element_type=\"widget\" data-e-type=\"widget\" data-widget_type=\"heading.default\">\n\t\t\t\t<div class=\"elementor-widget-container\">\n\t\t\t\t\t<h4 class=\"elementor-heading-title elementor-size-default\">Chef d'\u00e9quipe technique | Responsable du port<\/h4>\t\t\t\t<\/div>\n\t\t\t\t<\/div>\n\t\t\t\t<div class=\"elementor-element elementor-element-84c0324 elementor-widget__width-initial elementor-widget elementor-widget-text-editor\" data-id=\"84c0324\" data-element_type=\"widget\" data-e-type=\"widget\" data-widget_type=\"text-editor.default\">\n\t\t\t\t<div class=\"elementor-widget-container\">\n\t\t\t\t\t\t\t\t\t<p>T\u00e9l : +49 33767 75-400<\/p>\n\t\t\t\t\t\t\t\t<\/div>\n\t\t\t\t<\/div>\n\t\t\t\t<div class=\"elementor-element elementor-element-73d3610 elementor-view-stacked elementor-widget__width-initial elementor-shape-circle elementor-widget elementor-widget-icon\" data-id=\"73d3610\" data-element_type=\"widget\" data-e-type=\"widget\" data-widget_type=\"icon.default\">\n\t\t\t\t<div class=\"elementor-widget-container\">\n\t\t\t\t\t\t\t<div class=\"elementor-icon-wrapper\">\n\t\t\t<a class=\"elementor-icon\" href=\"mailto:o.senftleben@blossin.de\">\n\t\t\t<i aria-hidden=\"true\" class=\"fas fa-at\"><\/i>\t\t\t<\/a>\n\t\t<\/div>\n\t\t\t\t\t\t<\/div>\n\t\t\t\t<\/div>\n\t\t\t\t<div class=\"elementor-element elementor-element-bebed7b elementor-view-stacked elementor-widget__width-initial elementor-shape-circle elementor-widget elementor-widget-icon\" data-id=\"bebed7b\" data-element_type=\"widget\" data-e-type=\"widget\" data-widget_type=\"icon.default\">\n\t\t\t\t<div class=\"elementor-widget-container\">\n\t\t\t\t\t\t\t<div class=\"elementor-icon-wrapper\">\n\t\t\t<a class=\"elementor-icon\" href=\"tel:+493376775400\">\n\t\t\t<i aria-hidden=\"true\" class=\"fas fa-mobile-alt\"><\/i>\t\t\t<\/a>\n\t\t<\/div>\n\t\t\t\t\t\t<\/div>\n\t\t\t\t<\/div>\n\t\t\t\t\t<\/div>\n\t\t<\/div>\n\t\t\t\t\t<\/div>\n\t\t<\/section>\n\t\t\t\t<section class=\"elementor-section elementor-top-section elementor-element elementor-element-d4300fd elementor-section-content-middle elementor-section-boxed elementor-section-height-default elementor-section-height-default\" data-id=\"d4300fd\" data-element_type=\"section\" data-e-type=\"section\" data-settings=\"{&quot;background_background&quot;:&quot;classic&quot;,&quot;shape_divider_top&quot;:&quot;waves&quot;,&quot;jet_parallax_layout_list&quot;:[]}\">\n\t\t\t\t\t<div class=\"elementor-shape elementor-shape-top\" aria-hidden=\"true\" data-negative=\"false\">\n\t\t\t<svg xmlns=\"http:\/\/www.w3.org\/2000\/svg\" viewBox=\"0 0 1000 100\" preserveAspectRatio=\"none\">\n\t<path class=\"elementor-shape-fill\" d=\"M421.9,6.5c22.6-2.5,51.5,0.4,75.5,5.3c23.6,4.9,70.9,23.5,100.5,35.7c75.8,32.2,133.7,44.5,192.6,49.7\n\tc23.6,2.1,48.7,3.5,103.4-2.5c54.7-6,106.2-25.6,106.2-25.6V0H0v30.3c0,0,72,32.6,158.4,30.5c39.2-0.7,92.8-6.7,134-22.4\n\tc21.2-8.1,52.2-18.2,79.7-24.2C399.3,7.9,411.6,7.5,421.9,6.5z\"\/>\n<\/svg>\t\t<\/div>\n\t\t\t\t\t<div class=\"elementor-container elementor-column-gap-wide\">\n\t\t\t\t\t<div class=\"elementor-column elementor-col-100 elementor-top-column elementor-element elementor-element-63157c8\" data-id=\"63157c8\" data-element_type=\"column\" data-e-type=\"column\">\n\t\t\t<div class=\"elementor-widget-wrap elementor-element-populated\">\n\t\t\t\t\t\t<div class=\"elementor-element elementor-element-ba4bd08 elementor-widget elementor-widget-heading\" data-id=\"ba4bd08\" data-element_type=\"widget\" data-e-type=\"widget\" data-widget_type=\"heading.default\">\n\t\t\t\t<div class=\"elementor-widget-container\">\n\t\t\t\t\t<h2 class=\"elementor-heading-title elementor-size-default\">Activit\u00e9s nautiques<\/h2>\t\t\t\t<\/div>\n\t\t\t\t<\/div>\n\t\t\t\t<div class=\"elementor-element elementor-element-8c98b69 elementor-widget elementor-widget-text-editor\" data-id=\"8c98b69\" data-element_type=\"widget\" data-e-type=\"widget\" data-widget_type=\"text-editor.default\">\n\t\t\t\t<div class=\"elementor-widget-container\">\n\t\t\t\t\t\t\t\t\t<p>Au bord du lac de Wolzig<\/p>\n\t\t\t\t\t\t\t\t<\/div>\n\t\t\t\t<\/div>\n\t\t\t\t\t<\/div>\n\t\t<\/div>\n\t\t\t\t\t<\/div>\n\t\t<\/section>\n\t\t\t\t<section class=\"elementor-section elementor-top-section elementor-element elementor-element-c621915 elementor-section-content-top elementor-section-boxed elementor-section-height-default elementor-section-height-default\" data-id=\"c621915\" data-element_type=\"section\" data-e-type=\"section\" data-settings=\"{&quot;background_background&quot;:&quot;classic&quot;,&quot;shape_divider_bottom&quot;:&quot;waves&quot;,&quot;jet_parallax_layout_list&quot;:[]}\">\n\t\t\t\t\t<div class=\"elementor-shape elementor-shape-bottom\" aria-hidden=\"true\" data-negative=\"false\">\n\t\t\t<svg xmlns=\"http:\/\/www.w3.org\/2000\/svg\" viewBox=\"0 0 1000 100\" preserveAspectRatio=\"none\">\n\t<path class=\"elementor-shape-fill\" d=\"M421.9,6.5c22.6-2.5,51.5,0.4,75.5,5.3c23.6,4.9,70.9,23.5,100.5,35.7c75.8,32.2,133.7,44.5,192.6,49.7\n\tc23.6,2.1,48.7,3.5,103.4-2.5c54.7-6,106.2-25.6,106.2-25.6V0H0v30.3c0,0,72,32.6,158.4,30.5c39.2-0.7,92.8-6.7,134-22.4\n\tc21.2-8.1,52.2-18.2,79.7-24.2C399.3,7.9,411.6,7.5,421.9,6.5z\"\/>\n<\/svg>\t\t<\/div>\n\t\t\t\t\t<div class=\"elementor-container elementor-column-gap-wide\">\n\t\t\t\t\t<div class=\"elementor-column elementor-col-33 elementor-top-column elementor-element elementor-element-33be745\" data-id=\"33be745\" data-element_type=\"column\" data-e-type=\"column\">\n\t\t\t<div class=\"elementor-widget-wrap elementor-element-populated\">\n\t\t\t\t\t\t<section class=\"elementor-section elementor-inner-section elementor-element elementor-element-1be76a7 elementor-section-height-min-height elementor-section-content-bottom elementor-section-boxed elementor-section-height-default\" data-id=\"1be76a7\" data-element_type=\"section\" data-e-type=\"section\" data-settings=\"{&quot;background_background&quot;:&quot;classic&quot;,&quot;jet_parallax_layout_list&quot;:[]}\">\n\t\t\t\t\t\t<div class=\"elementor-container elementor-column-gap-default\">\n\t\t\t\t\t<div class=\"elementor-column elementor-col-100 elementor-inner-column elementor-element elementor-element-3327853\" data-id=\"3327853\" data-element_type=\"column\" data-e-type=\"column\">\n\t\t\t<div class=\"elementor-widget-wrap elementor-element-populated\">\n\t\t\t\t\t\t<div class=\"elementor-element elementor-element-50a7e1b elementor-position-top elementor-widget elementor-widget-image-box\" data-id=\"50a7e1b\" data-element_type=\"widget\" data-e-type=\"widget\" data-widget_type=\"image-box.default\">\n\t\t\t\t<div class=\"elementor-widget-container\">\n\t\t\t\t\t<div class=\"elementor-image-box-wrapper\"><figure class=\"elementor-image-box-img\"><img decoding=\"async\" width=\"600\" height=\"400\" src=\"https:\/\/www.blossin.de\/wp-content\/uploads\/2023\/02\/600x400-Hafencafe-Palstek.jpg\" class=\"attachment-full size-full wp-image-4486\" alt=\"Blick auf das Hafencafe Palstek.\" srcset=\"https:\/\/www.blossin.de\/wp-content\/uploads\/2023\/02\/600x400-Hafencafe-Palstek.jpg 600w, https:\/\/www.blossin.de\/wp-content\/uploads\/2023\/02\/600x400-Hafencafe-Palstek-300x200.jpg 300w\" sizes=\"(max-width: 600px) 100vw, 600px\" \/><\/figure><div class=\"elementor-image-box-content\"><h3 class=\"elementor-image-box-title\">Le PALSTEK<\/h3><p class=\"elementor-image-box-description\">Pendant que vous profitez sur la terrasse de notre caf\u00e9, <br>vous pouvez d\u00e9guster des g\u00e2teaux, des glaces, des snacks, des boissons fra\u00eeches ou des sp\u00e9cialit\u00e9s de caf\u00e9.<\/p><\/div><\/div>\t\t\t\t<\/div>\n\t\t\t\t<\/div>\n\t\t\t\t\t<\/div>\n\t\t<\/div>\n\t\t\t\t\t<\/div>\n\t\t<\/section>\n\t\t\t\t<div class=\"elementor-element elementor-element-e76ca48 elementor-align-center elementor-widget elementor-widget-button\" data-id=\"e76ca48\" data-element_type=\"widget\" data-e-type=\"widget\" data-widget_type=\"button.default\">\n\t\t\t\t<div class=\"elementor-widget-container\">\n\t\t\t\t\t\t\t\t\t<div class=\"elementor-button-wrapper\">\n\t\t\t\t\t<a class=\"elementor-button elementor-button-link elementor-size-sm\" href=\"https:\/\/www.blossin.de\/fr\/loisirs\/le-cafe-du-port\/\">\n\t\t\t\t\t\t<span class=\"elementor-button-content-wrapper\">\n\t\t\t\t\t\t\t\t\t<span class=\"elementor-button-text\">En savoir plus<\/span>\n\t\t\t\t\t<\/span>\n\t\t\t\t\t<\/a>\n\t\t\t\t<\/div>\n\t\t\t\t\t\t\t\t<\/div>\n\t\t\t\t<\/div>\n\t\t\t\t\t<\/div>\n\t\t<\/div>\n\t\t\t\t<div class=\"elementor-column elementor-col-33 elementor-top-column elementor-element elementor-element-762cea5\" data-id=\"762cea5\" data-element_type=\"column\" data-e-type=\"column\">\n\t\t\t<div class=\"elementor-widget-wrap elementor-element-populated\">\n\t\t\t\t\t\t<section class=\"elementor-section elementor-inner-section elementor-element elementor-element-34bd27d elementor-section-height-min-height elementor-section-content-bottom elementor-section-boxed elementor-section-height-default\" data-id=\"34bd27d\" data-element_type=\"section\" data-e-type=\"section\" data-settings=\"{&quot;background_background&quot;:&quot;classic&quot;,&quot;jet_parallax_layout_list&quot;:[]}\">\n\t\t\t\t\t\t<div class=\"elementor-container elementor-column-gap-default\">\n\t\t\t\t\t<div class=\"elementor-column elementor-col-100 elementor-inner-column elementor-element elementor-element-ade7026\" data-id=\"ade7026\" data-element_type=\"column\" data-e-type=\"column\">\n\t\t\t<div class=\"elementor-widget-wrap elementor-element-populated\">\n\t\t\t\t\t\t<div class=\"elementor-element elementor-element-e440277 elementor-position-top elementor-widget elementor-widget-image-box\" data-id=\"e440277\" data-element_type=\"widget\" data-e-type=\"widget\" data-widget_type=\"image-box.default\">\n\t\t\t\t<div class=\"elementor-widget-container\">\n\t\t\t\t\t<div class=\"elementor-image-box-wrapper\"><figure class=\"elementor-image-box-img\"><img loading=\"lazy\" decoding=\"async\" width=\"600\" height=\"400\" src=\"https:\/\/www.blossin.de\/wp-content\/uploads\/2022\/11\/Kopfzeile.jpg\" class=\"attachment-full size-full wp-image-1085\" alt=\"Boote liegen am Steg.\" srcset=\"https:\/\/www.blossin.de\/wp-content\/uploads\/2022\/11\/Kopfzeile.jpg 600w, https:\/\/www.blossin.de\/wp-content\/uploads\/2022\/11\/Kopfzeile-300x200.jpg 300w\" sizes=\"(max-width: 600px) 100vw, 600px\" \/><\/figure><div class=\"elementor-image-box-content\"><h3 class=\"elementor-image-box-title\">S'amarrer \u00e0 Blossin<\/h3><p class=\"elementor-image-box-description\">Le complexe portuaire\n, avec ses bassins, sa cale de mise \u00e0 l'eau et ses pontons flottants, comprend aujourd'hui plus de \n 100 places d'amarrage permanentes et pour visiteurs.<\/p><\/div><\/div>\t\t\t\t<\/div>\n\t\t\t\t<\/div>\n\t\t\t\t\t<\/div>\n\t\t<\/div>\n\t\t\t\t\t<\/div>\n\t\t<\/section>\n\t\t\t\t<div class=\"elementor-element elementor-element-430db34 elementor-align-center elementor-widget elementor-widget-button\" data-id=\"430db34\" data-element_type=\"widget\" data-e-type=\"widget\" data-widget_type=\"button.default\">\n\t\t\t\t<div class=\"elementor-widget-container\">\n\t\t\t\t\t\t\t\t\t<div class=\"elementor-button-wrapper\">\n\t\t\t\t\t<a class=\"elementor-button elementor-button-link elementor-size-sm\" href=\"https:\/\/www.blossin.de\/freizeit\/hafen-blossin\/anlegen-am-wolziger-see\/\">\n\t\t\t\t\t\t<span class=\"elementor-button-content-wrapper\">\n\t\t\t\t\t\t\t\t\t<span class=\"elementor-button-text\">En savoir plus<\/span>\n\t\t\t\t\t<\/span>\n\t\t\t\t\t<\/a>\n\t\t\t\t<\/div>\n\t\t\t\t\t\t\t\t<\/div>\n\t\t\t\t<\/div>\n\t\t\t\t\t<\/div>\n\t\t<\/div>\n\t\t\t\t<div class=\"elementor-column elementor-col-33 elementor-top-column elementor-element elementor-element-0ba66ab\" data-id=\"0ba66ab\" data-element_type=\"column\" data-e-type=\"column\">\n\t\t\t<div class=\"elementor-widget-wrap elementor-element-populated\">\n\t\t\t\t\t\t<section class=\"elementor-section elementor-inner-section elementor-element elementor-element-75f7200 elementor-section-height-min-height elementor-section-content-bottom elementor-section-boxed elementor-section-height-default\" data-id=\"75f7200\" data-element_type=\"section\" data-e-type=\"section\" data-settings=\"{&quot;background_background&quot;:&quot;classic&quot;,&quot;jet_parallax_layout_list&quot;:[]}\">\n\t\t\t\t\t\t<div class=\"elementor-container elementor-column-gap-default\">\n\t\t\t\t\t<div class=\"elementor-column elementor-col-100 elementor-inner-column elementor-element elementor-element-4df0ed3\" data-id=\"4df0ed3\" data-element_type=\"column\" data-e-type=\"column\">\n\t\t\t<div class=\"elementor-widget-wrap elementor-element-populated\">\n\t\t\t\t\t\t<div class=\"elementor-element elementor-element-204ba34 elementor-position-top elementor-widget elementor-widget-image-box\" data-id=\"204ba34\" data-element_type=\"widget\" data-e-type=\"widget\" data-widget_type=\"image-box.default\">\n\t\t\t\t<div class=\"elementor-widget-container\">\n\t\t\t\t\t<div class=\"elementor-image-box-wrapper\"><figure class=\"elementor-image-box-img\"><img loading=\"lazy\" decoding=\"async\" width=\"600\" height=\"400\" src=\"https:\/\/www.blossin.de\/wp-content\/uploads\/2023\/02\/600x400-Hafen5_Druck-.jpg\" class=\"attachment-full size-full wp-image-3596\" alt=\"Hafenbecken mit Booten.\" srcset=\"https:\/\/www.blossin.de\/wp-content\/uploads\/2023\/02\/600x400-Hafen5_Druck-.jpg 600w, https:\/\/www.blossin.de\/wp-content\/uploads\/2023\/02\/600x400-Hafen5_Druck--300x200.jpg 300w\" sizes=\"(max-width: 600px) 100vw, 600px\" \/><\/figure><div class=\"elementor-image-box-content\"><h3 class=\"elementor-image-box-title\">Notre centre sportif nautique<\/h3><p class=\"elementor-image-box-description\">Depuis de nombreuses ann\u00e9es, Blossin est synonyme de sports aquatiques. Pour que tu puisses vraiment te lancer, tu trouveras chez nous de nombreuses possibilit\u00e9s de location.<\/p><\/div><\/div>\t\t\t\t<\/div>\n\t\t\t\t<\/div>\n\t\t\t\t\t<\/div>\n\t\t<\/div>\n\t\t\t\t\t<\/div>\n\t\t<\/section>\n\t\t\t\t<div class=\"elementor-element elementor-element-134ca94 elementor-align-center elementor-widget elementor-widget-button\" data-id=\"134ca94\" data-element_type=\"widget\" data-e-type=\"widget\" data-widget_type=\"button.default\">\n\t\t\t\t<div class=\"elementor-widget-container\">\n\t\t\t\t\t\t\t\t\t<div class=\"elementor-button-wrapper\">\n\t\t\t\t\t<a class=\"elementor-button elementor-button-link elementor-size-sm\" href=\"https:\/\/www.blossin.de\/fr\/sport\/sports-nautiques\/\">\n\t\t\t\t\t\t<span class=\"elementor-button-content-wrapper\">\n\t\t\t\t\t\t\t\t\t<span class=\"elementor-button-text\">En savoir plus<\/span>\n\t\t\t\t\t<\/span>\n\t\t\t\t\t<\/a>\n\t\t\t\t<\/div>\n\t\t\t\t\t\t\t\t<\/div>\n\t\t\t\t<\/div>\n\t\t\t\t\t<\/div>\n\t\t<\/div>\n\t\t\t\t\t<\/div>\n\t\t<\/section>\n\t\t\t\t<\/div>\n\t\t","protected":false},"excerpt":{"rendered":"<p>LE PORT DE BLOSSIN AU BORD DU LAC DE WOLZIG Avec une superficie de 597 hectares et une profondeur d&rsquo;environ 13 m\u00e8tres, le Wolziger See est l&rsquo;un des plus grands plans d&rsquo;eau du Dahme-Spreewald. Il se situe entre Storkow \u00e0 l&rsquo;est et K\u00f6nigs Wusterhausen \u00e0 l&rsquo;ouest. Il est bord\u00e9 par la for\u00eat et la v\u00e9g\u00e9tation [&hellip;]<\/p>\n","protected":false},"author":2,"featured_media":0,"parent":13880,"menu_order":0,"comment_status":"closed","ping_status":"closed","template":"","meta":{"footnotes":""},"class_list":["post-14371","page","type-page","status-publish","hentry"],"_links":{"self":[{"href":"https:\/\/www.blossin.de\/fr\/wp-json\/wp\/v2\/pages\/14371","targetHints":{"allow":["GET"]}}],"collection":[{"href":"https:\/\/www.blossin.de\/fr\/wp-json\/wp\/v2\/pages"}],"about":[{"href":"https:\/\/www.blossin.de\/fr\/wp-json\/wp\/v2\/types\/page"}],"author":[{"embeddable":true,"href":"https:\/\/www.blossin.de\/fr\/wp-json\/wp\/v2\/users\/2"}],"replies":[{"embeddable":true,"href":"https:\/\/www.blossin.de\/fr\/wp-json\/wp\/v2\/comments?post=14371"}],"version-history":[{"count":1,"href":"https:\/\/www.blossin.de\/fr\/wp-json\/wp\/v2\/pages\/14371\/revisions"}],"predecessor-version":[{"id":14372,"href":"https:\/\/www.blossin.de\/fr\/wp-json\/wp\/v2\/pages\/14371\/revisions\/14372"}],"up":[{"embeddable":true,"href":"https:\/\/www.blossin.de\/fr\/wp-json\/wp\/v2\/pages\/13880"}],"wp:attachment":[{"href":"https:\/\/www.blossin.de\/fr\/wp-json\/wp\/v2\/media?parent=14371"}],"curies":[{"name":"wp","href":"https:\/\/api.w.org\/{rel}","templated":true}]}}