{"id":13900,"date":"2023-01-14T08:42:17","date_gmt":"2023-01-14T07:42:17","guid":{"rendered":"https:\/\/www.blossin.de\/menu-principal\/venir-a-blossin\/"},"modified":"2024-07-29T14:38:51","modified_gmt":"2024-07-29T12:38:51","slug":"venir-a-blossin","status":"publish","type":"page","link":"https:\/\/www.blossin.de\/fr\/menu-principal\/venir-a-blossin\/","title":{"rendered":"Venir \u00e0 Blossin"},"content":{"rendered":"\t\t<div data-elementor-type=\"wp-page\" data-elementor-id=\"13900\" class=\"elementor elementor-13900 elementor-2456\" data-elementor-post-type=\"page\">\n\t\t\t\t\t\t<section class=\"elementor-section elementor-top-section elementor-element elementor-element-4544c79 elementor-section-height-min-height elementor-section-items-bottom elementor-section-boxed elementor-section-height-default\" data-id=\"4544c79\" data-element_type=\"section\" data-e-type=\"section\" data-settings=\"{&quot;background_background&quot;:&quot;classic&quot;,&quot;jet_parallax_layout_list&quot;:[]}\">\n\t\t\t\t\t\t<div class=\"elementor-container elementor-column-gap-wide\">\n\t\t\t\t\t<div class=\"elementor-column elementor-col-50 elementor-top-column elementor-element elementor-element-c237cfa\" data-id=\"c237cfa\" data-element_type=\"column\" data-e-type=\"column\">\n\t\t\t<div class=\"elementor-widget-wrap elementor-element-populated\">\n\t\t\t\t\t\t<div class=\"elementor-element elementor-element-bb6db07 elementor-widget elementor-widget-heading\" data-id=\"bb6db07\" data-element_type=\"widget\" data-e-type=\"widget\" data-widget_type=\"heading.default\">\n\t\t\t\t<div class=\"elementor-widget-container\">\n\t\t\t\t\t<h1 class=\"elementor-heading-title elementor-size-default\">Comment se rendre \u00e0 Blossin ?<\/h1>\t\t\t\t<\/div>\n\t\t\t\t<\/div>\n\t\t\t\t\t<\/div>\n\t\t<\/div>\n\t\t\t\t<div class=\"elementor-column elementor-col-50 elementor-top-column elementor-element elementor-element-4039c07 elementor-hidden-tablet elementor-hidden-mobile\" data-id=\"4039c07\" data-element_type=\"column\" data-e-type=\"column\">\n\t\t\t<div class=\"elementor-widget-wrap\">\n\t\t\t\t\t\t\t<\/div>\n\t\t<\/div>\n\t\t\t\t\t<\/div>\n\t\t<\/section>\n\t\t\t\t<section class=\"elementor-section elementor-top-section elementor-element elementor-element-60bbaed elementor-section-boxed elementor-section-height-default elementor-section-height-default\" data-id=\"60bbaed\" data-element_type=\"section\" data-e-type=\"section\" data-settings=\"{&quot;jet_parallax_layout_list&quot;:[]}\">\n\t\t\t\t\t\t<div class=\"elementor-container elementor-column-gap-default\">\n\t\t\t\t\t<div class=\"elementor-column elementor-col-100 elementor-top-column elementor-element elementor-element-a393a31\" data-id=\"a393a31\" data-element_type=\"column\" data-e-type=\"column\">\n\t\t\t<div class=\"elementor-widget-wrap elementor-element-populated\">\n\t\t\t\t\t\t\t<\/div>\n\t\t<\/div>\n\t\t\t\t\t<\/div>\n\t\t<\/section>\n\t\t\t\t<section class=\"elementor-section elementor-top-section elementor-element elementor-element-ff99bf6 elementor-section-boxed elementor-section-height-default elementor-section-height-default\" data-id=\"ff99bf6\" data-element_type=\"section\" data-e-type=\"section\" data-settings=\"{&quot;jet_parallax_layout_list&quot;:[]}\">\n\t\t\t\t\t\t<div class=\"elementor-container elementor-column-gap-wide\">\n\t\t\t\t\t<div class=\"elementor-column elementor-col-100 elementor-top-column elementor-element elementor-element-1edba30\" data-id=\"1edba30\" data-element_type=\"column\" data-e-type=\"column\">\n\t\t\t<div class=\"elementor-widget-wrap elementor-element-populated\">\n\t\t\t\t\t\t<div class=\"elementor-element elementor-element-284f214 elementor-widget elementor-widget-heading\" data-id=\"284f214\" data-element_type=\"widget\" data-e-type=\"widget\" data-widget_type=\"heading.default\">\n\t\t\t\t<div class=\"elementor-widget-container\">\n\t\t\t\t\t<h2 class=\"elementor-heading-title elementor-size-default\">Arriv\u00e9e en transports en commun<\/h2>\t\t\t\t<\/div>\n\t\t\t\t<\/div>\n\t\t\t\t<div class=\"elementor-element elementor-element-4ef8175 elementor-widget elementor-widget-text-editor\" data-id=\"4ef8175\" data-element_type=\"widget\" data-e-type=\"widget\" data-widget_type=\"text-editor.default\">\n\t\t\t\t<div class=\"elementor-widget-container\">\n\t\t\t\t\t\t\t\t\t<p>Depuis la gare centrale de Berlin, prendre le train r\u00e9gional (RE 2 ou RE 7) ou le S-Bahn (S 46) jusqu&rsquo;\u00e0 K\u00f6nigs Wusterhausen. Prendre ensuite le train r\u00e9gional RB 36 direction Frankfurt (Oder) jusqu&rsquo;\u00e0 Friedersdorf. Des bus circulent depuis la gare jusqu&rsquo;\u00e0 Blossin. Vous pouvez aussi prendre le Bus 723 directement \u00e0 K\u00f6nigs Wusterhausen pour vous rendre \u00e0 Blossin.<\/p>\n<p><span style=\"font-weight: bolder;\">Notre conseil :<\/span> si vous pr\u00e9voyez de prendre les transports avec un groupe, vous pouvez le signaler \u00e0 la compagnie ferroviaire correspondante.<\/p>\n<p>Pour venir en v\u00e9lo, il faut compter une heure depuis K\u00f6nigs Wusterhausen et 10 minutes depuis Friedersdorf.<\/p>\n<p>Si vous le souhaitez, nous avons la possibilit\u00e9 de prendre en charge le transfert de la gare de Friedersdorf jusqu&rsquo;\u00e0 Blossin avec notre minibus. <\/p>\n\t\t\t\t\t\t\t\t<\/div>\n\t\t\t\t<\/div>\n\t\t\t\t<div class=\"elementor-element elementor-element-35ed6c3 elementor-widget elementor-widget-heading\" data-id=\"35ed6c3\" data-element_type=\"widget\" data-e-type=\"widget\" data-widget_type=\"heading.default\">\n\t\t\t\t<div class=\"elementor-widget-container\">\n\t\t\t\t\t<h2 class=\"elementor-heading-title elementor-size-default\">Arriv\u00e9e en voiture<\/h2>\t\t\t\t<\/div>\n\t\t\t\t<\/div>\n\t\t\t\t<div class=\"elementor-element elementor-element-2bb68ab elementor-widget elementor-widget-text-editor\" data-id=\"2bb68ab\" data-element_type=\"widget\" data-e-type=\"widget\" data-widget_type=\"text-editor.default\">\n\t\t\t\t<div class=\"elementor-widget-container\">\n\t\t\t\t\t\t\t\t\t<p>\u00c0 hauteur de Berlin, prenez le Berliner Ring (A10) en direction du sud-ouest. \u00c0 l&rsquo;\u00e9changeur Dreieck Spreeau, prenez l&rsquo;A12 en direction de Frankfurt (Oder). Prenez ensuite la sortie direction Friedersdorf. Continuez sur la route principale direction Storkow et apr\u00e8s Friedersdorf, tournez \u00e0 droite avant la station service direction Prieros\/ Blossin. Peu apr\u00e8s l&rsquo;entr\u00e9e de la commune de Blossin, tournez \u00e0 gauche au panneau \u00ab\u00a0Jugendbildungszentrum Blossin e.V.\u00a0\u00bb. Vous n&rsquo;avez plus qu&rsquo;\u00e0 suivre le logo \u00ab\u00a0Blossin\u00a0\u00bb.<\/p>\n<p>Depuis Francfort (Oder), nous vous conseillons la derni\u00e8re sortie direction Friedersdorf avant le Dreieck Spreeau. Apr\u00e8s avoir quitter l&rsquo;A12, suivez le chemin d\u00e9crit ci-dessus.<\/p>\n\t\t\t\t\t\t\t\t<\/div>\n\t\t\t\t<\/div>\n\t\t\t\t\t<\/div>\n\t\t<\/div>\n\t\t\t\t\t<\/div>\n\t\t<\/section>\n\t\t\t\t<section class=\"elementor-section elementor-top-section elementor-element elementor-element-f839174 elementor-section-content-middle elementor-section-boxed elementor-section-height-default elementor-section-height-default\" data-id=\"f839174\" data-element_type=\"section\" data-e-type=\"section\" data-settings=\"{&quot;jet_parallax_layout_list&quot;:[]}\">\n\t\t\t\t\t\t<div class=\"elementor-container elementor-column-gap-wide\">\n\t\t\t\t\t<div class=\"elementor-column elementor-col-50 elementor-top-column elementor-element elementor-element-21335b9\" data-id=\"21335b9\" data-element_type=\"column\" data-e-type=\"column\">\n\t\t\t<div class=\"elementor-widget-wrap elementor-element-populated\">\n\t\t\t\t\t\t<div class=\"elementor-element elementor-element-df36480 elementor-widget elementor-widget-image\" data-id=\"df36480\" data-element_type=\"widget\" data-e-type=\"widget\" data-widget_type=\"image.default\">\n\t\t\t\t<div class=\"elementor-widget-container\">\n\t\t\t\t\t\t\t\t\t\t\t\t\t\t\t<img fetchpriority=\"high\" decoding=\"async\" width=\"600\" height=\"344\" src=\"https:\/\/www.blossin.de\/wp-content\/uploads\/2023\/01\/Anfahrt.jpg\" class=\"attachment-large size-large wp-image-11068\" alt=\"Karte f\u00fcr die Anfahrt nach Blossin.\" srcset=\"https:\/\/www.blossin.de\/wp-content\/uploads\/2023\/01\/Anfahrt.jpg 600w, https:\/\/www.blossin.de\/wp-content\/uploads\/2023\/01\/Anfahrt-300x172.jpg 300w\" sizes=\"(max-width: 600px) 100vw, 600px\" \/>\t\t\t\t\t\t\t\t\t\t\t\t\t\t\t<\/div>\n\t\t\t\t<\/div>\n\t\t\t\t\t<\/div>\n\t\t<\/div>\n\t\t\t\t<div class=\"elementor-column elementor-col-50 elementor-top-column elementor-element elementor-element-584b554\" data-id=\"584b554\" data-element_type=\"column\" data-e-type=\"column\">\n\t\t\t<div class=\"elementor-widget-wrap elementor-element-populated\">\n\t\t\t\t\t\t<div class=\"elementor-element elementor-element-c5d8ffd elementor-widget elementor-widget-text-editor\" data-id=\"c5d8ffd\" data-element_type=\"widget\" data-e-type=\"widget\" data-widget_type=\"text-editor.default\">\n\t\t\t\t<div class=\"elementor-widget-container\">\n\t\t\t\t\t\t\t\t\t<p><strong>DISTANCES DE BLOSSIN<br \/><\/strong>Gare de Friedersdorf : 4 km<br \/>Berliner Ring : 8 km<br \/>Gare de K\u00f6nigs Wusterhausen : 15 km<br \/>A\u00e9roport BER Berlin-Sch\u00f6nefeld : 33 km<br \/>Centre-ville de Berlin : 50 km<\/p>\n<p><strong>PARKING<br \/><\/strong>Notre centre dispose de 106 places de parking gratuites.<\/p>\n\t\t\t\t\t\t\t\t<\/div>\n\t\t\t\t<\/div>\n\t\t\t\t\t<\/div>\n\t\t<\/div>\n\t\t\t\t\t<\/div>\n\t\t<\/section>\n\t\t\t\t<section class=\"elementor-section elementor-top-section elementor-element elementor-element-fc7ca61 elementor-section-boxed elementor-section-height-default elementor-section-height-default\" data-id=\"fc7ca61\" data-element_type=\"section\" data-e-type=\"section\" data-settings=\"{&quot;jet_parallax_layout_list&quot;:[]}\">\n\t\t\t\t\t\t<div class=\"elementor-container elementor-column-gap-default\">\n\t\t\t\t\t<div class=\"elementor-column elementor-col-100 elementor-top-column elementor-element elementor-element-66d39a1\" data-id=\"66d39a1\" data-element_type=\"column\" data-e-type=\"column\">\n\t\t\t<div class=\"elementor-widget-wrap\">\n\t\t\t\t\t\t\t<\/div>\n\t\t<\/div>\n\t\t\t\t\t<\/div>\n\t\t<\/section>\n\t\t\t\t<\/div>\n\t\t","protected":false},"excerpt":{"rendered":"<p>Comment se rendre \u00e0 Blossin ? Arriv\u00e9e en transports en commun Depuis la gare centrale de Berlin, prendre le train r\u00e9gional (RE 2 ou RE 7) ou le S-Bahn (S 46) jusqu&rsquo;\u00e0 K\u00f6nigs Wusterhausen. Prendre ensuite le train r\u00e9gional RB 36 direction Frankfurt (Oder) jusqu&rsquo;\u00e0 Friedersdorf. Des bus circulent depuis la gare jusqu&rsquo;\u00e0 Blossin. Vous [&hellip;]<\/p>\n","protected":false},"author":8,"featured_media":0,"parent":13896,"menu_order":0,"comment_status":"closed","ping_status":"closed","template":"","meta":{"footnotes":""},"class_list":["post-13900","page","type-page","status-publish","hentry"],"_links":{"self":[{"href":"https:\/\/www.blossin.de\/fr\/wp-json\/wp\/v2\/pages\/13900","targetHints":{"allow":["GET"]}}],"collection":[{"href":"https:\/\/www.blossin.de\/fr\/wp-json\/wp\/v2\/pages"}],"about":[{"href":"https:\/\/www.blossin.de\/fr\/wp-json\/wp\/v2\/types\/page"}],"author":[{"embeddable":true,"href":"https:\/\/www.blossin.de\/fr\/wp-json\/wp\/v2\/users\/8"}],"replies":[{"embeddable":true,"href":"https:\/\/www.blossin.de\/fr\/wp-json\/wp\/v2\/comments?post=13900"}],"version-history":[{"count":3,"href":"https:\/\/www.blossin.de\/fr\/wp-json\/wp\/v2\/pages\/13900\/revisions"}],"predecessor-version":[{"id":14604,"href":"https:\/\/www.blossin.de\/fr\/wp-json\/wp\/v2\/pages\/13900\/revisions\/14604"}],"up":[{"embeddable":true,"href":"https:\/\/www.blossin.de\/fr\/wp-json\/wp\/v2\/pages\/13896"}],"wp:attachment":[{"href":"https:\/\/www.blossin.de\/fr\/wp-json\/wp\/v2\/media?parent=13900"}],"curies":[{"name":"wp","href":"https:\/\/api.w.org\/{rel}","templated":true}]}}