{"id":13840,"date":"2022-11-25T10:50:06","date_gmt":"2022-11-25T09:50:06","guid":{"rendered":"https:\/\/www.blossin.de\/blossin\/"},"modified":"2024-07-04T10:46:39","modified_gmt":"2024-07-04T08:46:39","slug":"blossin","status":"publish","type":"page","link":"https:\/\/www.blossin.de\/fr\/blossin\/","title":{"rendered":"Blossin"},"content":{"rendered":"\t\t<div data-elementor-type=\"wp-page\" data-elementor-id=\"13840\" class=\"elementor elementor-13840 elementor-1137\" data-elementor-post-type=\"page\">\n\t\t\t\t\t\t<section class=\"elementor-section elementor-top-section elementor-element elementor-element-5477cc3 elementor-section-height-min-height elementor-section-items-bottom elementor-section-boxed elementor-section-height-default\" data-id=\"5477cc3\" data-element_type=\"section\" data-e-type=\"section\" data-settings=\"{&quot;background_background&quot;:&quot;classic&quot;,&quot;jet_parallax_layout_list&quot;:[]}\">\n\t\t\t\t\t\t<div class=\"elementor-container elementor-column-gap-wide\">\n\t\t\t\t\t<div class=\"elementor-column elementor-col-50 elementor-top-column elementor-element elementor-element-d5437a1\" data-id=\"d5437a1\" data-element_type=\"column\" data-e-type=\"column\">\n\t\t\t<div class=\"elementor-widget-wrap elementor-element-populated\">\n\t\t\t\t\t\t<div class=\"elementor-element elementor-element-538593a elementor-widget elementor-widget-heading\" data-id=\"538593a\" data-element_type=\"widget\" data-e-type=\"widget\" data-widget_type=\"heading.default\">\n\t\t\t\t<div class=\"elementor-widget-container\">\n\t\t\t\t\t<h1 class=\"elementor-heading-title elementor-size-default\">NOTRE HISTOIRE<\/h1>\t\t\t\t<\/div>\n\t\t\t\t<\/div>\n\t\t\t\t\t<\/div>\n\t\t<\/div>\n\t\t\t\t<div class=\"elementor-column elementor-col-50 elementor-top-column elementor-element elementor-element-6e9c81d elementor-hidden-tablet elementor-hidden-mobile\" data-id=\"6e9c81d\" data-element_type=\"column\" data-e-type=\"column\">\n\t\t\t<div class=\"elementor-widget-wrap\">\n\t\t\t\t\t\t\t<\/div>\n\t\t<\/div>\n\t\t\t\t\t<\/div>\n\t\t<\/section>\n\t\t\t\t<section class=\"elementor-section elementor-top-section elementor-element elementor-element-4266ff9 elementor-section-boxed elementor-section-height-default elementor-section-height-default\" data-id=\"4266ff9\" data-element_type=\"section\" data-e-type=\"section\" data-settings=\"{&quot;jet_parallax_layout_list&quot;:[]}\">\n\t\t\t\t\t\t<div class=\"elementor-container elementor-column-gap-wide\">\n\t\t\t\t\t<div class=\"elementor-column elementor-col-100 elementor-top-column elementor-element elementor-element-11d95a1\" data-id=\"11d95a1\" data-element_type=\"column\" data-e-type=\"column\">\n\t\t\t<div class=\"elementor-widget-wrap elementor-element-populated\">\n\t\t\t\t\t\t<div class=\"elementor-element elementor-element-9cc63f9 elementor-widget elementor-widget-heading\" data-id=\"9cc63f9\" data-element_type=\"widget\" data-e-type=\"widget\" data-widget_type=\"heading.default\">\n\t\t\t\t<div class=\"elementor-widget-container\">\n\t\t\t\t\t<h2 class=\"elementor-heading-title elementor-size-default\">Blossin, de 1967 \u00e0 aujourd\u2019hui<\/h2>\t\t\t\t<\/div>\n\t\t\t\t<\/div>\n\t\t\t\t<section class=\"elementor-section elementor-inner-section elementor-element elementor-element-56997fb elementor-section-boxed elementor-section-height-default elementor-section-height-default\" data-id=\"56997fb\" data-element_type=\"section\" data-e-type=\"section\" data-settings=\"{&quot;jet_parallax_layout_list&quot;:[]}\">\n\t\t\t\t\t\t<div class=\"elementor-container elementor-column-gap-default\">\n\t\t\t\t\t<div class=\"elementor-column elementor-col-100 elementor-inner-column elementor-element elementor-element-6e94e14\" data-id=\"6e94e14\" data-element_type=\"column\" data-e-type=\"column\">\n\t\t\t<div class=\"elementor-widget-wrap elementor-element-populated\">\n\t\t\t\t\t\t<div class=\"elementor-element elementor-element-44563ef elementor-widget elementor-widget-jet-timeline\" data-id=\"44563ef\" data-element_type=\"widget\" data-e-type=\"widget\" data-widget_type=\"jet-timeline.default\">\n\t\t\t\t<div class=\"elementor-widget-container\">\n\t\t\t\t\t<div class=\"elementor-jet-timeline jet-elements\"><div class=\"jet-timeline jet-timeline--align-center jet-timeline--align-middle\">\n\t<div class=\"jet-timeline__line\"><div class=\"jet-timeline__line-progress\"><\/div><\/div>\n\t<div class=\"jet-timeline-list\"><div class=\"jet-timeline-item  elementor-repeater-item-c83e535 jet-timeline-item--image-outside_before\">\n\t<div class=\"timeline-item__card\">\n\t\t<div class=\"timeline-item__card-inner\">\n\t\t\t\t<div class=\"timeline-item__card-img\"><img fetchpriority=\"high\" decoding=\"async\" width=\"300\" height=\"220\" src=\"https:\/\/www.blossin.de\/wp-content\/uploads\/2022\/11\/HafenBlossin_um_1970.jpg\" class=\"attachment-full size-full wp-image-1116\" alt=\"Hafen Blossin in schwarz wei\u00df\" \/><\/div>\t\t\t\t<div class=\"timeline-item__card-content\">\n\t\t\t\t\t<div class=\"timeline-item__meta\"><div class=\"timeline-item__meta-content\">1967 \u2013 L\u2019universit\u00e9 de Leipzig<\/div><\/div><h5 class=\"timeline-item__card-title\">1967<\/h5><div class=\"timeline-item__card-desc\">En 1967, la Deutsche Hochschule f\u00fcr K\u00f6rperkultur (Haute-\u00c9cole pour la pratique du sport), aujourd\u2019hui Universit\u00e9 de Leipzig, commen\u00e7a \u00e0 d\u00e9velopper ses premi\u00e8res installations \u00e0 Blossin. Les enseignements \u00e9taient propos\u00e9s sur le lac mais \u00e9galement dans le centre de formation, destin\u00e9 \u00e0 la pratique sportive et qui poss\u00e9dait \u00e0 l'\u00e9poque un autre nom. \n\nDes campements provisoires ont d\u2019abord \u00e9t\u00e9 cr\u00e9\u00e9s sur les terrains actuels. Peu \u00e0 peu sont ensuite apparus des b\u00e2timents dont la plupart a vu le jour gr\u00e2ce aux travaux men\u00e9s par des \u00e9tudiants et le personnel enseignant. On comptait alors un dortoir, une cantine, un grand garage \u00e0 bateaux, une caf\u00e9t\u00e9ria, ainsi que des salles de s\u00e9minaires et de conf\u00e9rences. Le port et un petit terrain de sport commenc\u00e8rent \u00e9galement \u00e0 \u00eatre am\u00e9nag\u00e9s. Le centre ne pouvait accueillir \u00e0 l\u2019\u00e9poque que 150 personnes.\n\nApr\u00e8s le rattachement de la RDA \u00e0 l\u2019Allemagne f\u00e9d\u00e9rale en 1990, la r\u00e9gion du Brandebourg a repris l\u2019\u00e9tablissement et s\u2019est efforc\u00e9e de promouvoir des projets \u00e0 vocation d\u2019int\u00e9r\u00eat g\u00e9n\u00e9ral.<\/div>\t\t\t\t<\/div>\n\t\t\t\t\t\t<\/div>\n\t\t<div class=\"timeline-item__card-arrow\"><\/div>\n\t<\/div>\n\t<div class=\"timeline-item__point\"><div class=\"timeline-item__point-content timeline-item__point-content--icon\"><span class=\"jet-elements-icon\"><i aria-hidden=\"true\" class=\"fas fa-calendar-alt\"><\/i><\/span><\/div><\/div><div class=\"timeline-item__meta\"><div class=\"timeline-item__card-img\"><img fetchpriority=\"high\" decoding=\"async\" width=\"300\" height=\"220\" src=\"https:\/\/www.blossin.de\/wp-content\/uploads\/2022\/11\/HafenBlossin_um_1970.jpg\" class=\"attachment-full size-full wp-image-1116\" alt=\"Hafen Blossin in schwarz wei\u00df\" \/><\/div><div class=\"timeline-item__meta-content\">1967 \u2013 L\u2019universit\u00e9 de Leipzig<\/div><\/div><\/div><div class=\"jet-timeline-item  elementor-repeater-item-5a0d533 jet-timeline-item--image-inside\">\n\t<div class=\"timeline-item__card\">\n\t\t<div class=\"timeline-item__card-inner\">\n\t\t\t\t\t\t\t\t<div class=\"timeline-item__card-content\">\n\t\t\t\t\t<div class=\"timeline-item__meta\"><div class=\"timeline-item__meta-content\">1990<\/div><\/div><h5 class=\"timeline-item__card-title\">1990 - La cr\u00e9ation de l'association<\/h5><div class=\"timeline-item__card-desc\">\nLa F\u00e9d\u00e9ration des associations sportives de jeunesse du Brandebourg (en allemand BSJ pour \"Brandenburgische Sportjugend\") fut cr\u00e9\u00e9e en septembre 1990 \u00e0 Potsdam. Trois mois plus tard, la F\u00e9d\u00e9ration allemande de sport et de gymnastique (DTSB) fut dissoute. Depuis, Blossin et la BSJ travaillent \u00e9troitement ensemble dans les domaines du sport et de la formation pour la jeunesse.\n\nEn juillet 1991, le minist\u00e8re de l\u2019\u00c9ducation, de la Jeunesse et des Sports de la r\u00e9gion du Brandebourg et la F\u00e9d\u00e9ration sportive r\u00e9gionale se mirent d\u2019accord sur une strat\u00e9gie de d\u00e9veloppement de l\u2019\u00e9tablissement. En tant que centre de formation pour jeunes appartenant \u00e0 la BSJ, Blossin a notamment pour mission d\u2019accompagner les associations sportives en termes de loisirs sportifs et de jeunesse. \n\nL\u2019association fut officiellement cr\u00e9\u00e9e et elle fut int\u00e9gr\u00e9e au registre des associations en juin 1993 sous le nom Jugenbildungszentrum Bossin e.V. (traduit litt\u00e9ralement par \u00ab centre de formation pour jeunes \u00bb). Peu de temps auparavant, son caract\u00e8re d\u2019utilit\u00e9 g\u00e9n\u00e9rale avait \u00e9t\u00e9 reconnu. Sa mission principale a \u00e9t\u00e9 d\u00e9crite comme ceci : \u00ab permettre aux jeunes de participer activement \u00e0 la vie de la soci\u00e9t\u00e9 \u00bb. \u00c0 ce titre, Blossin est reconnu comme tel dans toute la r\u00e9gion du Brandebourg.<\/div>\t\t\t\t<\/div>\n\t\t\t\t\t\t<\/div>\n\t\t<div class=\"timeline-item__card-arrow\"><\/div>\n\t<\/div>\n\t<div class=\"timeline-item__point\"><div class=\"timeline-item__point-content timeline-item__point-content--icon\"><span class=\"jet-elements-icon\"><i aria-hidden=\"true\" class=\"fas fa-calendar-alt\"><\/i><\/span><\/div><\/div><div class=\"timeline-item__meta\"><div class=\"timeline-item__meta-content\">1990<\/div><\/div><\/div><div class=\"jet-timeline-item  elementor-repeater-item-fddc4a1 jet-timeline-item--image-outside_before\">\n\t<div class=\"timeline-item__card\">\n\t\t<div class=\"timeline-item__card-inner\">\n\t\t\t\t<div class=\"timeline-item__card-img\"><img decoding=\"async\" width=\"300\" height=\"220\" src=\"https:\/\/www.blossin.de\/wp-content\/uploads\/2022\/11\/Hafen_und_Sportplaetze_Blossin.jpg\" class=\"attachment-full size-full wp-image-1117\" alt=\"Boote im Hafen\" \/><\/div>\t\t\t\t<div class=\"timeline-item__card-content\">\n\t\t\t\t\t<div class=\"timeline-item__meta\"><div class=\"timeline-item__meta-content\">1993<\/div><\/div><h5 class=\"timeline-item__card-title\">Blossin depuis 1993<\/h5><div class=\"timeline-item__card-desc\">Le centre de formation de Blossin est d\u00e9sormais reconnu en tant que sp\u00e9cialiste d\u2019offres pouvant combiner des activit\u00e9s de formations et de loisirs, aussi bien en sports nautiques que sur la terre ferme. En collaboration avec nos partenaires dans les domaines de l\u2019\u00e9ducation et du sport, nous organisons tout au long de l\u2019ann\u00e9e des programmes vari\u00e9s. Nous accueillons des clubs, des associations, des groupes de jeunes, des classes de la maternelle au lyc\u00e9e, des entreprises, des chorales ainsi que des touristes venant notamment pour la pratique des sports aquatiques. Aujourd\u2019hui, le centre fait encore partie de la BSJ. \n\nAu fil des ann\u00e9es ont \u00e9t\u00e9 men\u00e9s des travaux de modernisation gr\u00e2ce auxquels sont apparus des salles de sport, de r\u00e9union et s\u00e9minaire, mais \u00e9galement de multiples installations sportives en ext\u00e9rieur, ainsi que diff\u00e9rents h\u00e9bergements adaptables \u00e0 l\u2019\u00e2ge des visiteurs. Ces derniers peuvent ainsi profiter d\u2019un s\u00e9jour vari\u00e9 et riche en exp\u00e9riences et en apprentissages. Pour les int\u00e9ress\u00e9s de tourisme nautique, le port de Blossin comprend une centaine d\u2019emplacements. Blossin est d\u2019ailleurs d\u00e9tenteur du prix du tourisme de la r\u00e9gion du Brandebourg depuis 2004. En outre, l\u2019\u00e9tablissement a \u00e9t\u00e9 certifi\u00e9 de 4 \u00e9toiles pour la qualit\u00e9 de ses services par le \"QMJ\", un organisme allemand sp\u00e9cialis\u00e9 dans la qualit\u00e9 des s\u00e9jours pour enfants et jeunes.<\/div>\t\t\t\t<\/div>\n\t\t\t\t\t\t<\/div>\n\t\t<div class=\"timeline-item__card-arrow\"><\/div>\n\t<\/div>\n\t<div class=\"timeline-item__point\"><div class=\"timeline-item__point-content timeline-item__point-content--icon\"><span class=\"jet-elements-icon\"><i aria-hidden=\"true\" class=\"fas fa-calendar-alt\"><\/i><\/span><\/div><\/div><div class=\"timeline-item__meta\"><div class=\"timeline-item__card-img\"><img decoding=\"async\" width=\"300\" height=\"220\" src=\"https:\/\/www.blossin.de\/wp-content\/uploads\/2022\/11\/Hafen_und_Sportplaetze_Blossin.jpg\" class=\"attachment-full size-full wp-image-1117\" alt=\"Boote im Hafen\" \/><\/div><div class=\"timeline-item__meta-content\">1993<\/div><\/div><\/div><\/div><\/div><\/div>\t\t\t\t<\/div>\n\t\t\t\t<\/div>\n\t\t\t\t\t<\/div>\n\t\t<\/div>\n\t\t\t\t\t<\/div>\n\t\t<\/section>\n\t\t\t\t\t<\/div>\n\t\t<\/div>\n\t\t\t\t\t<\/div>\n\t\t<\/section>\n\t\t\t\t<section class=\"elementor-section elementor-top-section elementor-element elementor-element-9c1b06d elementor-section-boxed elementor-section-height-default elementor-section-height-default\" data-id=\"9c1b06d\" data-element_type=\"section\" data-e-type=\"section\" data-settings=\"{&quot;jet_parallax_layout_list&quot;:[]}\">\n\t\t\t\t\t\t<div class=\"elementor-container elementor-column-gap-default\">\n\t\t\t\t\t<div class=\"elementor-column elementor-col-100 elementor-top-column elementor-element elementor-element-7f3aed0\" data-id=\"7f3aed0\" data-element_type=\"column\" data-e-type=\"column\">\n\t\t\t<div class=\"elementor-widget-wrap elementor-element-populated\">\n\t\t\t\t\t\t<div class=\"elementor-element elementor-element-6ee6588 elementor-widget elementor-widget-heading\" data-id=\"6ee6588\" data-element_type=\"widget\" data-e-type=\"widget\" data-widget_type=\"heading.default\">\n\t\t\t\t<div class=\"elementor-widget-container\">\n\t\t\t\t\t<h2 class=\"elementor-heading-title elementor-size-default\">Ajoutez votre titre ici<\/h2>\t\t\t\t<\/div>\n\t\t\t\t<\/div>\n\t\t\t\t\t<\/div>\n\t\t<\/div>\n\t\t\t\t\t<\/div>\n\t\t<\/section>\n\t\t\t\t<\/div>\n\t\t","protected":false},"excerpt":{"rendered":"<p>NOTRE HISTOIRE Blossin, de 1967 \u00e0 aujourd\u2019hui 1967 \u2013 L\u2019universit\u00e9 de Leipzig 1967 En 1967, la Deutsche Hochschule f\u00fcr K\u00f6rperkultur (Haute-\u00c9cole pour la pratique du sport), aujourd\u2019hui Universit\u00e9 de Leipzig, commen\u00e7a \u00e0 d\u00e9velopper ses premi\u00e8res installations \u00e0 Blossin. Les enseignements \u00e9taient propos\u00e9s sur le lac mais \u00e9galement dans le centre de formation, destin\u00e9 \u00e0 la [&hellip;]<\/p>\n","protected":false},"author":8,"featured_media":0,"parent":0,"menu_order":0,"comment_status":"closed","ping_status":"closed","template":"","meta":{"footnotes":""},"class_list":["post-13840","page","type-page","status-publish","hentry"],"_links":{"self":[{"href":"https:\/\/www.blossin.de\/fr\/wp-json\/wp\/v2\/pages\/13840","targetHints":{"allow":["GET"]}}],"collection":[{"href":"https:\/\/www.blossin.de\/fr\/wp-json\/wp\/v2\/pages"}],"about":[{"href":"https:\/\/www.blossin.de\/fr\/wp-json\/wp\/v2\/types\/page"}],"author":[{"embeddable":true,"href":"https:\/\/www.blossin.de\/fr\/wp-json\/wp\/v2\/users\/8"}],"replies":[{"embeddable":true,"href":"https:\/\/www.blossin.de\/fr\/wp-json\/wp\/v2\/comments?post=13840"}],"version-history":[{"count":9,"href":"https:\/\/www.blossin.de\/fr\/wp-json\/wp\/v2\/pages\/13840\/revisions"}],"predecessor-version":[{"id":14419,"href":"https:\/\/www.blossin.de\/fr\/wp-json\/wp\/v2\/pages\/13840\/revisions\/14419"}],"wp:attachment":[{"href":"https:\/\/www.blossin.de\/fr\/wp-json\/wp\/v2\/media?parent=13840"}],"curies":[{"name":"wp","href":"https:\/\/api.w.org\/{rel}","templated":true}]}}